{"id":2900,"date":"2024-05-09T09:05:51","date_gmt":"2024-05-09T07:05:51","guid":{"rendered":"https:\/\/nabu-kaiserstuhl.de\/?page_id=2900"},"modified":"2024-05-12T16:46:17","modified_gmt":"2024-05-12T14:46:17","slug":"zwergohreule","status":"publish","type":"page","link":"https:\/\/nabu-kaiserstuhl.de\/index.php\/zwergohreule\/","title":{"rendered":"Macht mit beim Monitoring der Zwergohreule!"},"content":{"rendered":"\n<div class=\"wp-block-media-text is-stacked-on-mobile\" style=\"grid-template-columns:26% auto\"><figure class=\"wp-block-media-text__media\"><img data-opt-id=1836005653  fetchpriority=\"high\" decoding=\"async\" width=\"1024\" height=\"1020\" src=\"https:\/\/mlm4qj7rb3bu.i.optimole.com\/w:1024\/h:1020\/q:80\/f:best\/https:\/\/nabu-kaiserstuhl.de\/wp-content\/uploads\/2024\/05\/dmitrii-zhodzishskii-treQNlNpYcE-unsplash-3.jpg\" alt=\"\" class=\"wp-image-2909 size-full\" srcset=\"https:\/\/mlm4qj7rb3bu.i.optimole.com\/w:1024\/h:1020\/q:80\/f:best\/https:\/\/nabu-kaiserstuhl.de\/wp-content\/uploads\/2024\/05\/dmitrii-zhodzishskii-treQNlNpYcE-unsplash-3-scaled.jpg 1024w, https:\/\/mlm4qj7rb3bu.i.optimole.com\/w:300\/h:300\/q:80\/f:best\/https:\/\/nabu-kaiserstuhl.de\/wp-content\/uploads\/2024\/05\/dmitrii-zhodzishskii-treQNlNpYcE-unsplash-3-scaled.jpg 300w, https:\/\/mlm4qj7rb3bu.i.optimole.com\/w:150\/h:150\/q:80\/f:best\/https:\/\/nabu-kaiserstuhl.de\/wp-content\/uploads\/2024\/05\/dmitrii-zhodzishskii-treQNlNpYcE-unsplash-3-scaled.jpg 150w, https:\/\/mlm4qj7rb3bu.i.optimole.com\/w:768\/h:765\/q:80\/f:best\/https:\/\/nabu-kaiserstuhl.de\/wp-content\/uploads\/2024\/05\/dmitrii-zhodzishskii-treQNlNpYcE-unsplash-3-scaled.jpg 768w, https:\/\/mlm4qj7rb3bu.i.optimole.com\/w:1084\/h:1080\/q:80\/f:best\/https:\/\/nabu-kaiserstuhl.de\/wp-content\/uploads\/2024\/05\/dmitrii-zhodzishskii-treQNlNpYcE-unsplash-3-scaled.jpg 1536w, https:\/\/mlm4qj7rb3bu.i.optimole.com\/w:1084\/h:1080\/q:80\/f:best\/https:\/\/nabu-kaiserstuhl.de\/wp-content\/uploads\/2024\/05\/dmitrii-zhodzishskii-treQNlNpYcE-unsplash-3-scaled.jpg 2048w, https:\/\/mlm4qj7rb3bu.i.optimole.com\/w:1084\/h:1080\/q:80\/f:best\/dpr:2\/https:\/\/nabu-kaiserstuhl.de\/wp-content\/uploads\/2024\/05\/dmitrii-zhodzishskii-treQNlNpYcE-unsplash-3-scaled.jpg 2x\" sizes=\"(max-width: 1024px) 100vw, 1024px\" \/><\/figure><div class=\"wp-block-media-text__content\">\n<p>Die Zwergohreule z\u00e4hlt zu den kleinsten Eulenarten Europas. Im Gegensatz zu anderen heimischen Eulenarten ist diese Art ein Langstreckenzieher und verbringt die Wintermonate in Afrika. Da sie besonders warme und trockene Lebensr\u00e4ume bevorzugt, ist ihr Hauptverbreitungsschwerpunkt&nbsp; vor allem im Mittelmeerraum und im s\u00fcdlichen Osteuropa. Durch ihre Gefiederf\u00e4rbung perfekt getarnt, ist ihre Anwesenheit tags\u00fcber kaum nachzuweisen. Allerdings ist ihr monotoner Gesang nachts un\u00fcberh\u00f6rbar. Dieser besteht aus wiederholenden Pfeift\u00f6nen im Abstand von 2-3 Sekunden, die an eine Alarmanlage oder einen Peilsender erinnern. Der Gesang kann bis zu 1 km weit zu h\u00f6ren sein und wird oft nicht sofort mit einem Vogel in Verbindung gebracht.<\/p>\n<\/div><\/div>\n\n\n\n<p>Es ist anzunehmen, dass die w\u00e4rmeliebende Zwergohreule durch den aktuellen Klimawandel verst\u00e4rkt neue Gebiete n\u00f6rdlich ihres bisherigen Verbreitungsgebiets erschlie\u00dfen wird. Dazu z\u00e4hlen auch warme und trockene Regionen wie der s\u00fcdliche Oberrheingraben samt Kaiserstuhl, in denen die Art vermehrt auftreten kann. Dies wird durch vereinzelte Nachweise unterst\u00fctzt, die teilweise sogar erfolgreiche Bruten belegen.<\/p>\n\n\n\n<h2 class=\"wp-block-heading\">Wie k\u00f6nnt ihr mitmachen?<\/h2>\n\n\n\n<p>In der Region des s\u00fcdlichen Oberrheingrabens samt Kaiserstuhl konnten bisherige Nachweise schwerpunktm\u00e4\u00dfig im Zeitraum zwischen Mai und Juni erbracht werden.<br>Um mehr \u00fcber das Vorkommen der Zwergohreule in der &#8222;W\u00e4rmeinsel&#8220; Kaiserstuhl zu erfahren, rufen wir dazu auf, gezielt nach ihrem Gesang zu lauschen. Dabei reicht oft schon ein kurzes \u201eVerh\u00f6ren\u201c auf dem Balkon, der Terrasse, vor der Haust\u00fcr oder w\u00e4hrend des sp\u00e4tabendlichen Spaziergangs mit dem Hund. Hier eine Beispiel Tonaufnahme einer Zwergohreule wie sie auch am Kaiserstuhl zu h\u00f6ren ist:<\/p>\n\n\n<p><iframe src='https:\/\/xeno-canto.org\/877630\/embed?simple=1' scrolling='no' frameborder='0' width='340' height='115'><\/iframe><\/p>\n\n\n\n<div style=\"height:20px\" aria-hidden=\"true\" class=\"wp-block-spacer\"><\/div>\n\n\n\n<h2 class=\"wp-block-heading\">Zwergohreule geh\u00f6rt?<\/h2>\n\n\n\n<p>Schreibt uns \u00fcber das Formular eine kurze Nachricht mit groben Angaben dazu, wo und wann, bzw. seit wann ihr die Zwergohreule geh\u00f6rt habt. Dabei sind auch nachtr\u00e4gliche Meldungen von Beobachtungen der Art aus vergangenen Jahren hilfreich. Idealerweise habt ihr den Gesang mit dem Handy oder sonstigem Aufnahmeger\u00e4t erfasst, um die \u201eBeobachtung\u201c nachtr\u00e4glich verifizieren zu k\u00f6nnen.<\/p>\n\n\n<div class=\"wpforms-container wpforms-container-full wpforms-block wpforms-block-108b7767-5567-46e4-b15f-62a134e87ff8\" id=\"wpforms-2901\"><form id=\"wpforms-form-2901\" class=\"wpforms-validate wpforms-form wpforms-ajax-form\" data-formid=\"2901\" method=\"post\" enctype=\"multipart\/form-data\" action=\"\/index.php\/wp-json\/wp\/v2\/pages\/2900\" data-token=\"a4d00c72683c5ca5ee8071d22743a51e\" data-token-time=\"1777505765\"><noscript class=\"wpforms-error-noscript\">Bitte aktiviere JavaScript in deinem Browser, um dieses Formular fertigzustellen.<\/noscript><div class=\"wpforms-field-container\"><div id=\"wpforms-2901-field_1-container\" class=\"wpforms-field wpforms-field-name\" data-field-id=\"1\"><label class=\"wpforms-field-label\" for=\"wpforms-2901-field_1\">Name <span class=\"wpforms-required-label\">*<\/span><\/label><div class=\"wpforms-field-row wpforms-field-medium\"><div class=\"wpforms-field-row-block wpforms-first wpforms-one-half\"><input type=\"text\" id=\"wpforms-2901-field_1\" class=\"wpforms-field-name-first wpforms-field-required\" name=\"wpforms[fields][1][first]\" placeholder=\"Vorname\" required><label for=\"wpforms-2901-field_1\" class=\"wpforms-field-sublabel after wpforms-sublabel-hide\">Vorname<\/label><\/div><div class=\"wpforms-field-row-block wpforms-one-half\"><input type=\"text\" id=\"wpforms-2901-field_1-last\" class=\"wpforms-field-name-last wpforms-field-required\" name=\"wpforms[fields][1][last]\" placeholder=\"Nachname\" required><label for=\"wpforms-2901-field_1-last\" class=\"wpforms-field-sublabel after wpforms-sublabel-hide\">Nachname<\/label><\/div><\/div><\/div><div id=\"wpforms-2901-field_2-container\" class=\"wpforms-field wpforms-field-email\" data-field-id=\"2\"><label class=\"wpforms-field-label\" for=\"wpforms-2901-field_2\">E-Mail-Adresse <span class=\"wpforms-required-label\">*<\/span><\/label><input type=\"email\" id=\"wpforms-2901-field_2\" class=\"wpforms-field-medium wpforms-field-required\" name=\"wpforms[fields][2]\" spellcheck=\"false\" required><\/div><div id=\"wpforms-2901-field_15-container\" class=\"wpforms-field wpforms-field-name\" data-field-id=\"15\"><label class=\"wpforms-field-label\" for=\"wpforms-2901-field_15\">Wann geh\u00f6rt? <span class=\"wpforms-required-label\">*<\/span><\/label><input type=\"text\" id=\"wpforms-2901-field_15\" class=\"wpforms-field-medium wpforms-field-required\" name=\"wpforms[fields][15]\" placeholder=\"Datum\" required><\/div><div id=\"wpforms-2901-field_8-container\" class=\"wpforms-field wpforms-field-textarea\" data-field-id=\"8\"><label class=\"wpforms-field-label\" for=\"wpforms-2901-field_8\">Beobachtungsort <span class=\"wpforms-required-label\">*<\/span><\/label><textarea id=\"wpforms-2901-field_8\" class=\"wpforms-field-small wpforms-field-required\" name=\"wpforms[fields][8]\" placeholder=\"Wo hast du die Zwergohreule geh\u00f6rt (Ort, ggf. Gewann, wenn m\u00f6glich Koordinaten)?\" required><\/textarea><\/div><div id=\"wpforms-2901-field_10-container\" class=\"wpforms-field wpforms-field-textarea\" data-field-id=\"10\"><label class=\"wpforms-field-label\" for=\"wpforms-2901-field_10\">Sonstiges<\/label><textarea id=\"wpforms-2901-field_10\" class=\"wpforms-field-small\" name=\"wpforms[fields][10]\" placeholder=\"Falls du noch weitere Angaben zu deiner &quot;Beobachtung&quot; machen m\u00f6chtest...\" ><\/textarea><\/div><div id=\"wpforms-2901-field_11-container\" class=\"wpforms-field wpforms-field-gdpr-checkbox\" data-field-id=\"11\"><label class=\"wpforms-field-label\">DSGVO-Einverst\u00e4ndnis <span class=\"wpforms-required-label\">*<\/span><\/label><ul id=\"wpforms-2901-field_11\" class=\"wpforms-field-required\"><li class=\"choice-1\"><input type=\"checkbox\" id=\"wpforms-2901-field_11_1\" name=\"wpforms[fields][11][]\" value=\"Ich willige ein, dass meine Daten im Rahmen des Zwergohreulen Monitorings des NABU-Kaiserstuhls gespeichert werden. Meine Beobachtung\/Meldung darf unter Nennung meines Namens verarbeitet werden.\" required ><label class=\"wpforms-field-label-inline\" for=\"wpforms-2901-field_11_1\">Ich willige ein, dass meine Daten im Rahmen des Zwergohreulen Monitorings des NABU-Kaiserstuhls gespeichert werden. Meine Beobachtung\/Meldung darf unter Nennung meines Namens verarbeitet werden.<\/label><\/li><\/ul><\/div><\/div><!-- .wpforms-field-container --><div class=\"wpforms-submit-container\" ><input type=\"hidden\" name=\"wpforms[id]\" value=\"2901\"><input type=\"hidden\" name=\"page_title\" value=\"\"><input type=\"hidden\" name=\"page_url\" value=\"https:\/\/nabu-kaiserstuhl.de\/index.php\/wp-json\/wp\/v2\/pages\/2900\"><input type=\"hidden\" name=\"url_referer\" value=\"\"><button type=\"submit\" name=\"wpforms[submit]\" id=\"wpforms-submit-2901\" class=\"wpforms-submit\" data-alt-text=\"Danke f\u00fcr deine Meldung und Unterst\u00fctzung!\" data-submit-text=\"Absenden\" aria-live=\"assertive\" value=\"wpforms-submit\">Absenden<\/button><img data-opt-id=1034848774  fetchpriority=\"high\" decoding=\"async\" src=\"https:\/\/mlm4qj7rb3bu.i.optimole.com\/w:auto\/h:auto\/q:80\/f:best\/ig:avif\/https:\/\/nabu-kaiserstuhl.de\/wp-content\/plugins\/wpforms-lite\/assets\/images\/submit-spin.svg\" class=\"wpforms-submit-spinner\" style=\"display: none;\" width=\"26\" height=\"26\" alt=\"Wird geladen\"><\/div><\/form><\/div>  <!-- .wpforms-container -->\n\n\n<h2 class=\"wp-block-heading\">Danke f\u00fcr eure Unterst\u00fctzung!<\/h2>\n","protected":false},"excerpt":{"rendered":"<p>Die Zwergohreule z\u00e4hlt zu den kleinsten Eulenarten Europas. Im Gegensatz zu anderen heimischen Eulenarten ist diese Art ein Langstreckenzieher und verbringt die Wintermonate in Afrika. Da sie besonders warme und&hellip;&nbsp;<a href=\"https:\/\/nabu-kaiserstuhl.de\/index.php\/zwergohreule\/\" rel=\"bookmark\">Weiterlesen&#8230;<span class=\"screen-reader-text\">Macht mit beim Monitoring der Zwergohreule!<\/span><\/a><\/p>\n","protected":false},"author":5,"featured_media":0,"parent":0,"menu_order":0,"comment_status":"closed","ping_status":"closed","template":"","meta":{"neve_meta_sidebar":"","neve_meta_container":"","neve_meta_enable_content_width":"","neve_meta_content_width":0,"neve_meta_title_alignment":"","neve_meta_author_avatar":"","neve_post_elements_order":"","neve_meta_disable_header":"","neve_meta_disable_footer":"","neve_meta_disable_title":"","neve_meta_reading_time":"","_themeisle_gutenberg_block_has_review":false,"footnotes":""},"class_list":["post-2900","page","type-page","status-publish","hentry"],"publishpress_future_action":{"enabled":false,"date":"2026-05-07 01:36:05","action":"change-status","newStatus":"draft","terms":[],"taxonomy":"","extraData":[]},"publishpress_future_workflow_manual_trigger":{"enabledWorkflows":[]},"_links":{"self":[{"href":"https:\/\/nabu-kaiserstuhl.de\/index.php\/wp-json\/wp\/v2\/pages\/2900","targetHints":{"allow":["GET"]}}],"collection":[{"href":"https:\/\/nabu-kaiserstuhl.de\/index.php\/wp-json\/wp\/v2\/pages"}],"about":[{"href":"https:\/\/nabu-kaiserstuhl.de\/index.php\/wp-json\/wp\/v2\/types\/page"}],"author":[{"embeddable":true,"href":"https:\/\/nabu-kaiserstuhl.de\/index.php\/wp-json\/wp\/v2\/users\/5"}],"replies":[{"embeddable":true,"href":"https:\/\/nabu-kaiserstuhl.de\/index.php\/wp-json\/wp\/v2\/comments?post=2900"}],"version-history":[{"count":2,"href":"https:\/\/nabu-kaiserstuhl.de\/index.php\/wp-json\/wp\/v2\/pages\/2900\/revisions"}],"predecessor-version":[{"id":2964,"href":"https:\/\/nabu-kaiserstuhl.de\/index.php\/wp-json\/wp\/v2\/pages\/2900\/revisions\/2964"}],"wp:attachment":[{"href":"https:\/\/nabu-kaiserstuhl.de\/index.php\/wp-json\/wp\/v2\/media?parent=2900"}],"curies":[{"name":"wp","href":"https:\/\/api.w.org\/{rel}","templated":true}]}}