{"id":2711,"date":"2024-04-25T09:29:36","date_gmt":"2024-04-25T07:29:36","guid":{"rendered":"https:\/\/nabu-kaiserstuhl.de\/?page_id=2711"},"modified":"2024-04-25T09:29:42","modified_gmt":"2024-04-25T07:29:42","slug":"spenden","status":"publish","type":"page","link":"https:\/\/nabu-kaiserstuhl.de\/index.php\/uber-uns\/mitmachen\/spenden\/","title":{"rendered":"Spenden"},"content":{"rendered":"\n<h2 class=\"wp-block-heading\"><mark style=\"background-color:rgba(0, 0, 0, 0)\" class=\"has-inline-color has-neve-link-color-color\">Unterst\u00fctzen Sie unsere Naturschutzarbeit vor Ort<\/mark><\/h2>\n\n\n\n<div class=\"wp-block-columns is-layout-flex wp-container-core-columns-is-layout-9d6595d7 wp-block-columns-is-layout-flex\">\n<div class=\"wp-block-column is-layout-flow wp-block-column-is-layout-flow\" style=\"flex-basis:66.66%\">\n<p>Ihre Spenden \u00fcber das unten genannte Konto flie\u00dfen direkt in die regionale Naturschutzarbeit des NABU Kaiserstuhl e.V..<\/p>\n\n\n\n<div class=\"wp-block-group is-nowrap is-layout-flex wp-container-core-group-is-layout-ad2f72ca wp-block-group-is-layout-flex\">\n<p>Bank: Volksbank Breisgau- Nord eG.<br>Kontonummer:<strong> <\/strong>0010100518<br>Bankleitzahl: 680 920 00<br>IBAN: <strong>DE32 6809 2000 0010 1005 18<\/strong><br>BIC: <strong>GENODE61EMM<\/strong><br><br>Bei Spenden bitte den Zusatz: &#8222;Spende NABU Kaiserstuhl&#8220; angeben.<\/p>\n<\/div>\n<\/div>\n\n\n\n<div class=\"wp-block-column is-layout-flow wp-block-column-is-layout-flow\" style=\"flex-basis:33.33%\"><div class=\"wp-block-image\">\n<figure class=\"aligncenter size-large is-resized\"><img data-opt-id=2003535439  fetchpriority=\"high\" decoding=\"async\" width=\"1024\" height=\"678\" src=\"https:\/\/mlm4qj7rb3bu.i.optimole.com\/w:1024\/h:678\/q:80\/f:best\/https:\/\/nabu-kaiserstuhl.de\/wp-content\/uploads\/2024\/04\/Hisli01-1.jpg\" alt=\"\" class=\"wp-image-2671\" style=\"width:349px;height:auto\" srcset=\"https:\/\/mlm4qj7rb3bu.i.optimole.com\/w:1024\/h:678\/q:80\/f:best\/https:\/\/nabu-kaiserstuhl.de\/wp-content\/uploads\/2024\/04\/Hisli01-1-scaled.jpg 1024w, https:\/\/mlm4qj7rb3bu.i.optimole.com\/w:300\/h:199\/q:80\/f:best\/https:\/\/nabu-kaiserstuhl.de\/wp-content\/uploads\/2024\/04\/Hisli01-1-scaled.jpg 300w, https:\/\/mlm4qj7rb3bu.i.optimole.com\/w:768\/h:509\/q:80\/f:best\/https:\/\/nabu-kaiserstuhl.de\/wp-content\/uploads\/2024\/04\/Hisli01-1-scaled.jpg 768w, https:\/\/mlm4qj7rb3bu.i.optimole.com\/w:1536\/h:1017\/q:80\/f:best\/https:\/\/nabu-kaiserstuhl.de\/wp-content\/uploads\/2024\/04\/Hisli01-1-scaled.jpg 1536w, https:\/\/mlm4qj7rb3bu.i.optimole.com\/w:1631\/h:1080\/q:80\/f:best\/https:\/\/nabu-kaiserstuhl.de\/wp-content\/uploads\/2024\/04\/Hisli01-1-scaled.jpg 2048w, https:\/\/mlm4qj7rb3bu.i.optimole.com\/w:1631\/h:1080\/q:80\/f:best\/dpr:2\/https:\/\/nabu-kaiserstuhl.de\/wp-content\/uploads\/2024\/04\/Hisli01-1-scaled.jpg 2x\" sizes=\"(max-width: 1024px) 100vw, 1024px\" \/><\/figure>\n<\/div><\/div>\n<\/div>\n\n\n\n<p><strong>Spendenbescheinigung<\/strong><\/p>\n\n\n\n<p><a href=\"https:\/\/nabu-kaiserstuhl.de\/index.php\/impressum\/datenschutz\/\">Hinweise zum Datenschutz<\/a><\/p>\n\n\n\n<p>Ihre Spende finanziert nicht direkt die ehrenamtlichen Mitglieder des NABU Kaiserstuhl. Diese setzen sich in ihrer Freizeit f\u00fcr den NABU ein. Ihre Spenden flie\u00dft direkt in Naturschutzprojekte sowie in die Finanzierung von Sachmitteln.<\/p>\n\n\n\n<hr class=\"wp-block-separator has-alpha-channel-opacity\"\/>\n\n\n\n<h4 class=\"wp-block-heading\"><mark style=\"background-color:rgba(0, 0, 0, 0)\" class=\"has-inline-color has-neve-link-color-color\">NABU Spendenprojekte unterst\u00fctzen<\/mark><\/h4>\n\n\n\n<div class=\"wp-block-media-text has-media-on-the-right is-stacked-on-mobile\" style=\"grid-template-columns:auto 29%\"><div class=\"wp-block-media-text__content\">\n<p>Der NABU engagiert sich sowohl in Deutschland als auch weltweit f\u00fcr den Schutz der Artenvielfalt von Tieren und Pflanzen, damit auch kommende Generationen sie genie\u00dfen k\u00f6nnen. Wir sind auf Ihre Unterst\u00fctzung angewiesen, um unsere Projekte voranzutreiben. Sie k\u00f6nnen jetzt eines unserer Projekte mit einer Spende unterst\u00fctzen! Selbstverst\u00e4ndlich sind wir auch dankbar f\u00fcr freie Spenden, die wir dort einsetzen, wo die Natur dringend unsere Hilfe ben\u00f6tigt.<br><br><strong><a href=\"https:\/\/www.nabu.de\/spenden-und-mitmachen\/spenden\/index.html\" target=\"_blank\" rel=\"noreferrer noopener\">\u00dcbersicht der NABU-Spendenprojekte<\/a><\/strong><\/p>\n<\/div><figure class=\"wp-block-media-text__media\"><img data-opt-id=1085457821  fetchpriority=\"high\" decoding=\"async\" width=\"1024\" height=\"678\" src=\"https:\/\/mlm4qj7rb3bu.i.optimole.com\/w:1024\/h:678\/q:80\/f:best\/https:\/\/nabu-kaiserstuhl.de\/wp-content\/uploads\/2024\/04\/Luchs.jpg\" alt=\"\" class=\"wp-image-2715 size-full\" srcset=\"https:\/\/mlm4qj7rb3bu.i.optimole.com\/w:1024\/h:678\/q:80\/f:best\/https:\/\/nabu-kaiserstuhl.de\/wp-content\/uploads\/2024\/04\/Luchs-scaled.jpg 1024w, https:\/\/mlm4qj7rb3bu.i.optimole.com\/w:300\/h:199\/q:80\/f:best\/https:\/\/nabu-kaiserstuhl.de\/wp-content\/uploads\/2024\/04\/Luchs-scaled.jpg 300w, https:\/\/mlm4qj7rb3bu.i.optimole.com\/w:768\/h:509\/q:80\/f:best\/https:\/\/nabu-kaiserstuhl.de\/wp-content\/uploads\/2024\/04\/Luchs-scaled.jpg 768w, https:\/\/mlm4qj7rb3bu.i.optimole.com\/w:1536\/h:1017\/q:80\/f:best\/https:\/\/nabu-kaiserstuhl.de\/wp-content\/uploads\/2024\/04\/Luchs-scaled.jpg 1536w, https:\/\/mlm4qj7rb3bu.i.optimole.com\/w:1631\/h:1080\/q:80\/f:best\/https:\/\/nabu-kaiserstuhl.de\/wp-content\/uploads\/2024\/04\/Luchs-scaled.jpg 2048w, https:\/\/mlm4qj7rb3bu.i.optimole.com\/w:1631\/h:1080\/q:80\/f:best\/dpr:2\/https:\/\/nabu-kaiserstuhl.de\/wp-content\/uploads\/2024\/04\/Luchs-scaled.jpg 2x\" sizes=\"(max-width: 1024px) 100vw, 1024px\" \/><\/figure><\/div>\n\n\n\n<div style=\"height:122px\" aria-hidden=\"true\" class=\"wp-block-spacer\"><\/div>\n","protected":false},"excerpt":{"rendered":"<p>Unterst\u00fctzen Sie unsere Naturschutzarbeit vor Ort Ihre Spenden \u00fcber das unten genannte Konto flie\u00dfen direkt in die regionale Naturschutzarbeit des NABU Kaiserstuhl e.V.. Bank: Volksbank Breisgau- Nord eG.Kontonummer: 0010100518Bankleitzahl: 680&hellip;&nbsp;<a href=\"https:\/\/nabu-kaiserstuhl.de\/index.php\/uber-uns\/mitmachen\/spenden\/\" rel=\"bookmark\">Weiterlesen&#8230;<span class=\"screen-reader-text\">Spenden<\/span><\/a><\/p>\n","protected":false},"author":4,"featured_media":0,"parent":146,"menu_order":3,"comment_status":"closed","ping_status":"closed","template":"","meta":{"neve_meta_sidebar":"","neve_meta_container":"","neve_meta_enable_content_width":"","neve_meta_content_width":0,"neve_meta_title_alignment":"","neve_meta_author_avatar":"","neve_post_elements_order":"","neve_meta_disable_header":"","neve_meta_disable_footer":"","neve_meta_disable_title":"","neve_meta_reading_time":"","_themeisle_gutenberg_block_has_review":false,"footnotes":""},"class_list":["post-2711","page","type-page","status-publish","hentry"],"publishpress_future_action":{"enabled":false,"date":"2026-05-07 00:34:49","action":"change-status","newStatus":"draft","terms":[],"taxonomy":"","extraData":[]},"publishpress_future_workflow_manual_trigger":{"enabledWorkflows":[]},"_links":{"self":[{"href":"https:\/\/nabu-kaiserstuhl.de\/index.php\/wp-json\/wp\/v2\/pages\/2711","targetHints":{"allow":["GET"]}}],"collection":[{"href":"https:\/\/nabu-kaiserstuhl.de\/index.php\/wp-json\/wp\/v2\/pages"}],"about":[{"href":"https:\/\/nabu-kaiserstuhl.de\/index.php\/wp-json\/wp\/v2\/types\/page"}],"author":[{"embeddable":true,"href":"https:\/\/nabu-kaiserstuhl.de\/index.php\/wp-json\/wp\/v2\/users\/4"}],"replies":[{"embeddable":true,"href":"https:\/\/nabu-kaiserstuhl.de\/index.php\/wp-json\/wp\/v2\/comments?post=2711"}],"version-history":[{"count":2,"href":"https:\/\/nabu-kaiserstuhl.de\/index.php\/wp-json\/wp\/v2\/pages\/2711\/revisions"}],"predecessor-version":[{"id":2725,"href":"https:\/\/nabu-kaiserstuhl.de\/index.php\/wp-json\/wp\/v2\/pages\/2711\/revisions\/2725"}],"up":[{"embeddable":true,"href":"https:\/\/nabu-kaiserstuhl.de\/index.php\/wp-json\/wp\/v2\/pages\/146"}],"wp:attachment":[{"href":"https:\/\/nabu-kaiserstuhl.de\/index.php\/wp-json\/wp\/v2\/media?parent=2711"}],"curies":[{"name":"wp","href":"https:\/\/api.w.org\/{rel}","templated":true}]}}